{"id":1509,"date":"2024-12-25T22:52:34","date_gmt":"2024-12-25T21:52:34","guid":{"rendered":"https:\/\/trialitaly.eu\/home\/"},"modified":"2024-12-30T21:40:21","modified_gmt":"2024-12-30T20:40:21","slug":"home","status":"publish","type":"page","link":"https:\/\/trialitaly.eu\/fr\/","title":{"rendered":"Home"},"content":{"rendered":"<div class=\"wpb-content-wrapper\"><p>[vc_row css_animation=\u00a0\u00bb\u00a0\u00bb row_type=\u00a0\u00bbrow\u00a0\u00bb use_row_as_full_screen_section=\u00a0\u00bbno\u00a0\u00bb type=\u00a0\u00bbfull_width\u00a0\u00bb angled_section=\u00a0\u00bbno\u00a0\u00bb text_align=\u00a0\u00bbleft\u00a0\u00bb background_image_as_pattern=\u00a0\u00bbwithout_pattern\u00a0\u00bb][vc_column][vc_empty_space]<div class='projects_holder_outer v5 portfolio_with_space portfolio_standard'>\n        <div class='projects_holder portfolio_main_holder clearfix v5 standard portfolio_full_image '>\n        \n        <article class='mix default' style=''>\n    \n    \n    \n                <div class='image_holder'>\n                <a itemprop='url' class='portfolio_link_for_touch' href='https:\/\/trialitaly.eu\/fr\/portfolio_page\/handball-sur-plage-mouillee\/' target='_self'>\n                    \n<span class='image'><img loading=\"lazy\" decoding=\"async\" width=\"400\" height=\"400\" src=\"https:\/\/trialitaly.eu\/wp-content\/uploads\/2020\/09\/PULSANTE-WET-BEACH-HANDBALL_2.jpg\" class=\"attachment-full size-full wp-post-image\" alt=\"\" srcset=\"https:\/\/trialitaly.eu\/wp-content\/uploads\/2020\/09\/PULSANTE-WET-BEACH-HANDBALL_2.jpg 400w, https:\/\/trialitaly.eu\/wp-content\/uploads\/2020\/09\/PULSANTE-WET-BEACH-HANDBALL_2-300x300.jpg 300w, https:\/\/trialitaly.eu\/wp-content\/uploads\/2020\/09\/PULSANTE-WET-BEACH-HANDBALL_2-150x150.jpg 150w\" sizes=\"auto, (max-width: 400px) 100vw, 400px\" \/><\/span>                <\/a>\n\n                <span class='text_holder'>\n    <span class='text_outer'>\n        <span class='text_inner'>\n            <span class='feature_holder'>\n                            <span class=\"feature_holder_icons\">';\n                            <a itemprop='image' class='lightbox qbutton small white' title='BALLES BEACH WET' href='https:\/\/trialitaly.eu\/wp-content\/uploads\/2020\/09\/PULSANTE-WET-BEACH-HANDBALL_2.jpg' data-rel='prettyPhoto[pretty_photo_gallery]'>zoom<\/a>\n    \n                            <a itemprop='url' class='preview qbutton small white' href='https:\/\/trialitaly.eu\/fr\/portfolio_page\/handball-sur-plage-mouillee\/' target='_self'>view<\/i><\/a>\n    \n                                            <\/span>\n        <\/span>\n    <\/span>\n<\/span>            <\/div>\n                <div class='portfolio_description ' >\n\n        \n    <h5 itemprop=\"name\" class=\"portfolio_title entry_title\"><a itemprop=\"url\" href=\"https:\/\/trialitaly.eu\/fr\/portfolio_page\/handball-sur-plage-mouillee\/\"  target=\"_self\"> BALLES BEACH WET<\/a><\/h5>\n\n\n        \n            <span class=\"project_category\"  >\n        <\/span>\n\n    <\/div>\n        \n<\/article>\n<article class='mix default' style=''>\n    \n    \n    \n                <div class='image_holder'>\n                <a itemprop='url' class='portfolio_link_for_touch' href='https:\/\/trialitaly.eu\/fr\/portfolio_page\/balles-beach-handball-3-layers\/' target='_self'>\n                    \n<span class='image'><img loading=\"lazy\" decoding=\"async\" width=\"400\" height=\"400\" src=\"https:\/\/trialitaly.eu\/wp-content\/uploads\/2018\/04\/IMG-PULSANTE-PALLONI-BEACH-HANDBALL-2Dimensionata.jpg\" class=\"attachment-full size-full wp-post-image\" alt=\"\" srcset=\"https:\/\/trialitaly.eu\/wp-content\/uploads\/2018\/04\/IMG-PULSANTE-PALLONI-BEACH-HANDBALL-2Dimensionata.jpg 400w, https:\/\/trialitaly.eu\/wp-content\/uploads\/2018\/04\/IMG-PULSANTE-PALLONI-BEACH-HANDBALL-2Dimensionata-300x300.jpg 300w, https:\/\/trialitaly.eu\/wp-content\/uploads\/2018\/04\/IMG-PULSANTE-PALLONI-BEACH-HANDBALL-2Dimensionata-150x150.jpg 150w\" sizes=\"auto, (max-width: 400px) 100vw, 400px\" \/><\/span>                <\/a>\n\n                <span class='text_holder'>\n    <span class='text_outer'>\n        <span class='text_inner'>\n            <span class='feature_holder'>\n                            <span class=\"feature_holder_icons\">';\n                            <a itemprop='image' class='lightbox qbutton small white' title='BALLES BEACH HANDBALL 3 LAYERS' href='https:\/\/trialitaly.eu\/wp-content\/uploads\/2018\/04\/IMG-PULSANTE-PALLONI-BEACH-HANDBALL-2Dimensionata.jpg' data-rel='prettyPhoto[pretty_photo_gallery]'>zoom<\/a>\n    \n                            <a itemprop='url' class='preview qbutton small white' href='https:\/\/trialitaly.eu\/fr\/portfolio_page\/balles-beach-handball-3-layers\/' target='_self'>view<\/i><\/a>\n    \n                                            <\/span>\n        <\/span>\n    <\/span>\n<\/span>            <\/div>\n                <div class='portfolio_description ' >\n\n        \n    <h5 itemprop=\"name\" class=\"portfolio_title entry_title\"><a itemprop=\"url\" href=\"https:\/\/trialitaly.eu\/fr\/portfolio_page\/balles-beach-handball-3-layers\/\"  target=\"_self\"> BALLES BEACH HANDBALL 3 LAYERS<\/a><\/h5>\n\n\n        \n            <span class=\"project_category\"  >\n        <\/span>\n\n    <\/div>\n        \n<\/article>\n<article class='mix default' style=''>\n    \n    \n    \n                <div class='image_holder'>\n                <a itemprop='url' class='portfolio_link_for_touch' href='https:\/\/trialitaly.eu\/fr\/portfolio_page\/terrains-de-beach\/' target='_self'>\n                    \n<span class='image'><img loading=\"lazy\" decoding=\"async\" width=\"400\" height=\"400\" src=\"https:\/\/trialitaly.eu\/wp-content\/uploads\/2020\/09\/IMG_2_PULSANTE-CAMPI-BEACH-HANDBALL-2020.jpg\" class=\"attachment-full size-full wp-post-image\" alt=\"\" srcset=\"https:\/\/trialitaly.eu\/wp-content\/uploads\/2020\/09\/IMG_2_PULSANTE-CAMPI-BEACH-HANDBALL-2020.jpg 400w, https:\/\/trialitaly.eu\/wp-content\/uploads\/2020\/09\/IMG_2_PULSANTE-CAMPI-BEACH-HANDBALL-2020-300x300.jpg 300w, https:\/\/trialitaly.eu\/wp-content\/uploads\/2020\/09\/IMG_2_PULSANTE-CAMPI-BEACH-HANDBALL-2020-150x150.jpg 150w\" sizes=\"auto, (max-width: 400px) 100vw, 400px\" \/><\/span>                <\/a>\n\n                <span class='text_holder'>\n    <span class='text_outer'>\n        <span class='text_inner'>\n            <span class='feature_holder'>\n                            <span class=\"feature_holder_icons\">';\n                            <a itemprop='image' class='lightbox qbutton small white' title='TERRAINS DE BEACH' href='https:\/\/trialitaly.eu\/wp-content\/uploads\/2020\/09\/IMG_2_PULSANTE-CAMPI-BEACH-HANDBALL-2020.jpg' data-rel='prettyPhoto[pretty_photo_gallery]'>zoom<\/a>\n    \n                            <a itemprop='url' class='preview qbutton small white' href='https:\/\/trialitaly.eu\/fr\/portfolio_page\/terrains-de-beach\/' target='_self'>view<\/i><\/a>\n    \n                                            <\/span>\n        <\/span>\n    <\/span>\n<\/span>            <\/div>\n                <div class='portfolio_description ' >\n\n        \n    <h5 itemprop=\"name\" class=\"portfolio_title entry_title\"><a itemprop=\"url\" href=\"https:\/\/trialitaly.eu\/fr\/portfolio_page\/terrains-de-beach\/\"  target=\"_self\"> TERRAINS DE BEACH<\/a><\/h5>\n\n\n        \n            <span class=\"project_category\"  >\n        <\/span>\n\n    <\/div>\n        \n<\/article>\n<article class='mix default' style=''>\n    \n    \n    \n                <div class='image_holder'>\n                <a itemprop='url' class='portfolio_link_for_touch' href='https:\/\/trialitaly.eu\/fr\/portfolio_page\/ballons-de-generation\/' target='_self'>\n                    \n<span class='image'><img loading=\"lazy\" decoding=\"async\" width=\"400\" height=\"400\" src=\"https:\/\/trialitaly.eu\/wp-content\/uploads\/2018\/04\/IMG-PULSANTE-PALLONI-HANDBALL-2Dimensionata.jpg\" class=\"attachment-full size-full wp-post-image\" alt=\"\" srcset=\"https:\/\/trialitaly.eu\/wp-content\/uploads\/2018\/04\/IMG-PULSANTE-PALLONI-HANDBALL-2Dimensionata.jpg 400w, https:\/\/trialitaly.eu\/wp-content\/uploads\/2018\/04\/IMG-PULSANTE-PALLONI-HANDBALL-2Dimensionata-150x150.jpg 150w, https:\/\/trialitaly.eu\/wp-content\/uploads\/2018\/04\/IMG-PULSANTE-PALLONI-HANDBALL-2Dimensionata-300x300.jpg 300w\" sizes=\"auto, (max-width: 400px) 100vw, 400px\" \/><\/span>                <\/a>\n\n                <span class='text_holder'>\n    <span class='text_outer'>\n        <span class='text_inner'>\n            <span class='feature_holder'>\n                            <span class=\"feature_holder_icons\">';\n                            <a itemprop='image' class='lightbox qbutton small white' title='BALLONS DE G\u00c9N\u00c9RATION' href='https:\/\/trialitaly.eu\/wp-content\/uploads\/2018\/04\/IMG-PULSANTE-PALLONI-HANDBALL-2Dimensionata.jpg' data-rel='prettyPhoto[pretty_photo_gallery]'>zoom<\/a>\n    \n                            <a itemprop='url' class='preview qbutton small white' href='https:\/\/trialitaly.eu\/fr\/portfolio_page\/ballons-de-generation\/' target='_self'>view<\/i><\/a>\n    \n                                            <\/span>\n        <\/span>\n    <\/span>\n<\/span>            <\/div>\n                <div class='portfolio_description ' >\n\n        \n    <h5 itemprop=\"name\" class=\"portfolio_title entry_title\"><a itemprop=\"url\" href=\"https:\/\/trialitaly.eu\/fr\/portfolio_page\/ballons-de-generation\/\"  target=\"_self\"> BALLONS DE G\u00c9N\u00c9RATION<\/a><\/h5>\n\n\n        \n            <span class=\"project_category\"  >\n        <\/span>\n\n    <\/div>\n        \n<\/article>\n<article class='mix default' style=''>\n    \n    \n    \n                <div class='image_holder'>\n                <a itemprop='url' class='portfolio_link_for_touch' href='https:\/\/trialitaly.eu\/fr\/portfolio_page\/equipement-special\/' target='_self'>\n                    \n<span class='image'><img loading=\"lazy\" decoding=\"async\" width=\"400\" height=\"400\" src=\"https:\/\/trialitaly.eu\/wp-content\/uploads\/2018\/04\/IMG-PULSANTE-ATTREZZI-SPECIALIDimensionata.jpg\" class=\"attachment-full size-full wp-post-image\" alt=\"\" srcset=\"https:\/\/trialitaly.eu\/wp-content\/uploads\/2018\/04\/IMG-PULSANTE-ATTREZZI-SPECIALIDimensionata.jpg 400w, https:\/\/trialitaly.eu\/wp-content\/uploads\/2018\/04\/IMG-PULSANTE-ATTREZZI-SPECIALIDimensionata-150x150.jpg 150w, https:\/\/trialitaly.eu\/wp-content\/uploads\/2018\/04\/IMG-PULSANTE-ATTREZZI-SPECIALIDimensionata-300x300.jpg 300w\" sizes=\"auto, (max-width: 400px) 100vw, 400px\" \/><\/span>                <\/a>\n\n                <span class='text_holder'>\n    <span class='text_outer'>\n        <span class='text_inner'>\n            <span class='feature_holder'>\n                            <span class=\"feature_holder_icons\">';\n                            <a itemprop='image' class='lightbox qbutton small white' title='\u00c9QUIPEMENT SP\u00c9CIAL' href='https:\/\/trialitaly.eu\/wp-content\/uploads\/2018\/04\/IMG-PULSANTE-ATTREZZI-SPECIALIDimensionata.jpg' data-rel='prettyPhoto[pretty_photo_gallery]'>zoom<\/a>\n    \n                            <a itemprop='url' class='preview qbutton small white' href='https:\/\/trialitaly.eu\/fr\/portfolio_page\/equipement-special\/' target='_self'>view<\/i><\/a>\n    \n                                            <\/span>\n        <\/span>\n    <\/span>\n<\/span>            <\/div>\n                <div class='portfolio_description ' >\n\n        \n    <h5 itemprop=\"name\" class=\"portfolio_title entry_title\"><a itemprop=\"url\" href=\"https:\/\/trialitaly.eu\/fr\/portfolio_page\/equipement-special\/\"  target=\"_self\"> \u00c9QUIPEMENT SP\u00c9CIAL<\/a><\/h5>\n\n\n        \n            <span class=\"project_category\"  >\n        <\/span>\n\n    <\/div>\n        \n<\/article>\n        <div class='filler'><\/div>\n            <div class='filler'><\/div>\n            <div class='filler'><\/div>\n            <div class='filler'><\/div>\n            <div class='filler'><\/div>\n        <\/div>\n\n    \n    <\/div>[\/vc_column][\/vc_row][vc_row css_animation=\u00a0\u00bb\u00a0\u00bb row_type=\u00a0\u00bbrow\u00a0\u00bb use_row_as_full_screen_section=\u00a0\u00bbno\u00a0\u00bb type=\u00a0\u00bbfull_width\u00a0\u00bb angled_section=\u00a0\u00bbno\u00a0\u00bb text_align=\u00a0\u00bbleft\u00a0\u00bb background_image_as_pattern=\u00a0\u00bbwithout_pattern\u00a0\u00bb][vc_column][vc_separator type=\u00a0\u00bbnormal\u00a0\u00bb color=\u00a0\u00bb#e3001b\u00a0\u00bb thickness=\u00a0\u00bb4&Prime;][\/vc_column][\/vc_row][vc_row css_animation=\u00a0\u00bb\u00a0\u00bb row_type=\u00a0\u00bbrow\u00a0\u00bb use_row_as_full_screen_section=\u00a0\u00bbno\u00a0\u00bb type=\u00a0\u00bbfull_width\u00a0\u00bb angled_section=\u00a0\u00bbno\u00a0\u00bb text_align=\u00a0\u00bbleft\u00a0\u00bb background_image_as_pattern=\u00a0\u00bbwithout_pattern\u00a0\u00bb z_index=\u00a0\u00bb\u00a0\u00bb css=\u00a0\u00bb.vc_custom_1600157356030{padding-right: 2% !important;padding-left: 2% !important;}\u00a0\u00bb][vc_column width=\u00a0\u00bb1\/2&Prime; css=\u00a0\u00bb.vc_custom_1523873853339{padding-top: 3% !important;padding-bottom: 3% !important;}\u00a0\u00bb]<div class=\"custom_font_holder \" style=\"font-family: Prompt; font-style: normal; font-weight: 600; color: #000000; text-decoration: none; text-shadow: 1px 1px 2px rgba(0, 0, 0, 0.4); text-align: center; --qode-cf-font-size: 34px; --qode-cf-line-height: 38px; --qode-cf-font-size-1440: 34px; --qode-cf-line-height-1440: 38px; --qode-cf-font-size-1366: 34px; --qode-cf-line-height-1366: 38px; --qode-cf-font-size-1280: 34px; --qode-cf-line-height-1280: 38px; --qode-cf-font-size-1024: 34px; --qode-cf-line-height-1024: 38px; --qode-cf-font-size-768: 34px; --qode-cf-line-height-768: 38px; --qode-cf-font-size-680: 34px; --qode-cf-line-height-680: 38px; --qode-cf-font-size-480: 34px; --qode-cf-line-height-480: 38px;\">TRIAL EST PARTENAIRE DES F\u00c9D\u00c9RATIONS:<\/div>[\/vc_column][vc_column width=\u00a0\u00bb1\/6&Prime;][vc_single_image image=\u00a0\u00bb426&Prime; alignment=\u00a0\u00bbcenter\u00a0\u00bb onclick=\u00a0\u00bbcustom_link\u00a0\u00bb img_link_target=\u00a0\u00bb_blank\u00a0\u00bb qode_css_animation=\u00a0\u00bb\u00a0\u00bb link=\u00a0\u00bbhttps:\/\/www.eurohandball.com\u00a0\u00bb][\/vc_column][vc_column width=\u00a0\u00bb1\/6&Prime;][vc_single_image image=\u00a0\u00bb851&Prime; alignment=\u00a0\u00bbcenter\u00a0\u00bb onclick=\u00a0\u00bbcustom_link\u00a0\u00bb img_link_target=\u00a0\u00bb_blank\u00a0\u00bb qode_css_animation=\u00a0\u00bb\u00a0\u00bb link=\u00a0\u00bbhttps:\/\/www.ihf.info\u00a0\u00bb][\/vc_column][vc_column width=\u00a0\u00bb1\/6&Prime;][vc_single_image image=\u00a0\u00bb428&Prime; alignment=\u00a0\u00bbcenter\u00a0\u00bb onclick=\u00a0\u00bbcustom_link\u00a0\u00bb img_link_target=\u00a0\u00bb_blank\u00a0\u00bb qode_css_animation=\u00a0\u00bb\u00a0\u00bb link=\u00a0\u00bbhttp:\/\/www.figh.it\/home\/news\/13607-trial-nuovo-partner-figh.html\u00a0\u00bb][\/vc_column][\/vc_row][vc_row css_animation=\u00a0\u00bb\u00a0\u00bb row_type=\u00a0\u00bbrow\u00a0\u00bb use_row_as_full_screen_section=\u00a0\u00bbno\u00a0\u00bb type=\u00a0\u00bbfull_width\u00a0\u00bb angled_section=\u00a0\u00bbno\u00a0\u00bb text_align=\u00a0\u00bbleft\u00a0\u00bb background_image_as_pattern=\u00a0\u00bbwithout_pattern\u00a0\u00bb][vc_column][vc_separator type=\u00a0\u00bbnormal\u00a0\u00bb color=\u00a0\u00bb#e3001b\u00a0\u00bb thickness=\u00a0\u00bb4&Prime;][\/vc_column][\/vc_row][vc_row css_animation=\u00a0\u00bb\u00a0\u00bb row_type=\u00a0\u00bbrow\u00a0\u00bb use_row_as_full_screen_section=\u00a0\u00bbno\u00a0\u00bb type=\u00a0\u00bbfull_width\u00a0\u00bb angled_section=\u00a0\u00bbno\u00a0\u00bb text_align=\u00a0\u00bbleft\u00a0\u00bb background_image_as_pattern=\u00a0\u00bbwithout_pattern\u00a0\u00bb css=\u00a0\u00bb.vc_custom_1523713367552{padding-right: 2% !important;padding-left: 2% !important;}\u00a0\u00bb z_index=\u00a0\u00bb\u00a0\u00bb][vc_column][vc_column_text]Depuis 1984, la soci\u00e9t\u00e9 Trial con\u00e7oit et fabrique des \u00e9quipements pour le sport, l&rsquo;\u00e9ducation, la r\u00e9\u00e9ducation et le d\u00e9veloppement des activit\u00e9s motrices.<\/p>\n<p>&nbsp;<\/p>\n<p>Test\u00e9s et approuv\u00e9s par les principales f\u00e9d\u00e9rations sportives internationales, les produits Trial associent l&rsquo;utilisation de mat\u00e9riaux de qualit\u00e9 \u00e0 une conception chimique et physique soucieuse de la s\u00e9curit\u00e9.<\/p>\n<p>&nbsp;<\/p>\n<p>Les \u00e9quipements Trial sont totalement exempts de latex et de substances toxiques telles que les phtalates et sont con\u00e7us pour prot\u00e9ger l&rsquo;utilisateur final, conform\u00e9ment aux principales r\u00e9glementations internationales en mati\u00e8re de s\u00e9curit\u00e9.<\/p>\n<p>&nbsp;<\/p>\n<p>Trial est fier d&rsquo;avoir \u00e9t\u00e9 choisi par les F\u00e9d\u00e9rations : EHF &#8211; European Handball Federation, IHF &#8211; International Handball Federation et F.I.G.H. &#8211; Federazione Italiana Giuoco Handball, pour la qualit\u00e9 de ses ballons et de ses \u00e9quipements, un m\u00e9lange parfait de s\u00e9curit\u00e9, de composition technique et de design.[\/vc_column_text][\/vc_column][\/vc_row][vc_row css_animation=\u00a0\u00bb\u00a0\u00bb row_type=\u00a0\u00bbrow\u00a0\u00bb use_row_as_full_screen_section=\u00a0\u00bbno\u00a0\u00bb type=\u00a0\u00bbfull_width\u00a0\u00bb angled_section=\u00a0\u00bbno\u00a0\u00bb text_align=\u00a0\u00bbleft\u00a0\u00bb background_image_as_pattern=\u00a0\u00bbwithout_pattern\u00a0\u00bb][vc_column][vc_separator type=\u00a0\u00bbnormal\u00a0\u00bb color=\u00a0\u00bb#e3001b\u00a0\u00bb thickness=\u00a0\u00bb4&Prime; down=\u00a0\u00bb40&Prime;][\/vc_column][\/vc_row]<\/p>\n<\/div>","protected":false},"excerpt":{"rendered":"<p>[vc_row css_animation=\u00a0\u00bb\u00a0\u00bb row_type=\u00a0\u00bbrow\u00a0\u00bb use_row_as_full_screen_section=\u00a0\u00bbno\u00a0\u00bb type=\u00a0\u00bbfull_width\u00a0\u00bb angled_section=\u00a0\u00bbno\u00a0\u00bb text_align=\u00a0\u00bbleft\u00a0\u00bb background_image_as_pattern=\u00a0\u00bbwithout_pattern\u00a0\u00bb][vc_column][vc_empty_space][\/vc_column][\/vc_row][vc_row css_animation=\u00a0\u00bb\u00a0\u00bb row_type=\u00a0\u00bbrow\u00a0\u00bb use_row_as_full_screen_section=\u00a0\u00bbno\u00a0\u00bb type=\u00a0\u00bbfull_width\u00a0\u00bb angled_section=\u00a0\u00bbno\u00a0\u00bb text_align=\u00a0\u00bbleft\u00a0\u00bb background_image_as_pattern=\u00a0\u00bbwithout_pattern\u00a0\u00bb][vc_column][vc_separator type=\u00a0\u00bbnormal\u00a0\u00bb color=\u00a0\u00bb#e3001b\u00a0\u00bb thickness=\u00a0\u00bb4&Prime;][\/vc_column][\/vc_row][vc_row css_animation=\u00a0\u00bb\u00a0\u00bb row_type=\u00a0\u00bbrow\u00a0\u00bb use_row_as_full_screen_section=\u00a0\u00bbno\u00a0\u00bb type=\u00a0\u00bbfull_width\u00a0\u00bb angled_section=\u00a0\u00bbno\u00a0\u00bb text_align=\u00a0\u00bbleft\u00a0\u00bb background_image_as_pattern=\u00a0\u00bbwithout_pattern\u00a0\u00bb z_index=\u00a0\u00bb\u00a0\u00bb css=\u00a0\u00bb.vc_custom_1600157356030{padding-right: 2% !important;padding-left: 2% !important;}\u00a0\u00bb][vc_column width=\u00a0\u00bb1\/2&Prime; css=\u00a0\u00bb.vc_custom_1523873853339{padding-top: 3% !important;padding-bottom: 3% !important;}\u00a0\u00bb][\/vc_column][vc_column width=\u00a0\u00bb1\/6&Prime;][vc_single_image image=\u00a0\u00bb426&Prime; alignment=\u00a0\u00bbcenter\u00a0\u00bb onclick=\u00a0\u00bbcustom_link\u00a0\u00bb img_link_target=\u00a0\u00bb_blank\u00a0\u00bb qode_css_animation=\u00a0\u00bb\u00a0\u00bb link=\u00a0\u00bbhttps:\/\/www.eurohandball.com\u00a0\u00bb][\/vc_column][vc_column width=\u00a0\u00bb1\/6&Prime;][vc_single_image&#8230;<\/p>\n","protected":false},"author":1,"featured_media":0,"parent":0,"menu_order":0,"comment_status":"closed","ping_status":"closed","template":"full_width.php","meta":{"footnotes":""},"class_list":["post-1509","page","type-page","status-publish","hentry"],"_links":{"self":[{"href":"https:\/\/trialitaly.eu\/fr\/wp-json\/wp\/v2\/pages\/1509","targetHints":{"allow":["GET"]}}],"collection":[{"href":"https:\/\/trialitaly.eu\/fr\/wp-json\/wp\/v2\/pages"}],"about":[{"href":"https:\/\/trialitaly.eu\/fr\/wp-json\/wp\/v2\/types\/page"}],"author":[{"embeddable":true,"href":"https:\/\/trialitaly.eu\/fr\/wp-json\/wp\/v2\/users\/1"}],"replies":[{"embeddable":true,"href":"https:\/\/trialitaly.eu\/fr\/wp-json\/wp\/v2\/comments?post=1509"}],"version-history":[{"count":3,"href":"https:\/\/trialitaly.eu\/fr\/wp-json\/wp\/v2\/pages\/1509\/revisions"}],"predecessor-version":[{"id":1588,"href":"https:\/\/trialitaly.eu\/fr\/wp-json\/wp\/v2\/pages\/1509\/revisions\/1588"}],"wp:attachment":[{"href":"https:\/\/trialitaly.eu\/fr\/wp-json\/wp\/v2\/media?parent=1509"}],"curies":[{"name":"wp","href":"https:\/\/api.w.org\/{rel}","templated":true}]}}