{"id":1518,"date":"2024-12-26T20:47:01","date_gmt":"2024-12-26T19:47:01","guid":{"rendered":"https:\/\/trialitaly.eu\/durabilite\/"},"modified":"2024-12-26T20:47:03","modified_gmt":"2024-12-26T19:47:03","slug":"durabilite","status":"publish","type":"page","link":"https:\/\/trialitaly.eu\/fr\/durabilite\/","title":{"rendered":"Durabilit\u00e9"},"content":{"rendered":"<div class=\"wpb-content-wrapper\"><p>[vc_row css_animation=\u00a0\u00bb\u00a0\u00bb row_type=\u00a0\u00bbrow\u00a0\u00bb use_row_as_full_screen_section=\u00a0\u00bbno\u00a0\u00bb type=\u00a0\u00bbfull_width\u00a0\u00bb angled_section=\u00a0\u00bbno\u00a0\u00bb text_align=\u00a0\u00bbleft\u00a0\u00bb background_image_as_pattern=\u00a0\u00bbwithout_pattern\u00a0\u00bb z_index=\u00a0\u00bb\u00a0\u00bb][vc_column][vc_single_image image=\u00a0\u00bb930&Prime; img_size=\u00a0\u00bbfull\u00a0\u00bb alignment=\u00a0\u00bbcenter\u00a0\u00bb qode_css_animation=\u00a0\u00bb\u00a0\u00bb][vc_separator type=\u00a0\u00bbnormal\u00a0\u00bb color=\u00a0\u00bb#e3001b\u00a0\u00bb thickness=\u00a0\u00bb4&Prime;][\/vc_column][\/vc_row][vc_row css_animation=\u00a0\u00bb\u00a0\u00bb row_type=\u00a0\u00bbrow\u00a0\u00bb use_row_as_full_screen_section=\u00a0\u00bbno\u00a0\u00bb type=\u00a0\u00bbfull_width\u00a0\u00bb angled_section=\u00a0\u00bbno\u00a0\u00bb text_align=\u00a0\u00bbleft\u00a0\u00bb background_image_as_pattern=\u00a0\u00bbwithout_pattern\u00a0\u00bb][vc_column width=\u00a0\u00bb1\/2&Prime; css=\u00a0\u00bb.vc_custom_1639678652736{padding-top: 6% !important;padding-right: 8% !important;padding-left: 8% !important;}\u00a0\u00bb]<div class=\"custom_font_holder \" style=\"font-family: Raleway; font-style: normal; font-weight: 600; color: #e3001b; text-decoration: none; text-align: left; --qode-cf-font-size: 28px; --qode-cf-line-height: 28px; --qode-cf-font-size-1440: 28px; --qode-cf-line-height-1440: 28px; --qode-cf-font-size-1366: 28px; --qode-cf-line-height-1366: 28px; --qode-cf-font-size-1280: 28px; --qode-cf-line-height-1280: 28px; --qode-cf-font-size-1024: 28px; --qode-cf-line-height-1024: 28px; --qode-cf-font-size-768: 28px; --qode-cf-line-height-768: 28px; --qode-cf-font-size-680: 28px; --qode-cf-line-height-680: 28px; --qode-cf-font-size-480: 28px; --qode-cf-line-height-480: 28px;\">Engagement<\/div>[vc_separator type=\u00a0\u00bbsmall\u00a0\u00bb position=\u00a0\u00bbleft\u00a0\u00bb color=\u00a0\u00bb#e3001b\u00a0\u00bb][vc_column_text]<\/p>\n<p style=\"text-align: left;\">La <strong>responsabilit\u00e9 sociale des entreprises<\/strong> (CSR) exprime l&rsquo;engagement de l&rsquo;entreprise \u00e0 adopter un comportement \u00e9thique qui tienne compte des r\u00e9percussions \u00e9conomiques, sociales et environnementales de ses actions ; elle implique l&rsquo;adoption de processus de production capables de limiter l&rsquo;impact environnemental de l&rsquo;entreprise et la mise en \u0153uvre d&rsquo;actions visant \u00e0 favoriser des styles de consommation durables ou \u00e0 promouvoir un comportement socialement actif. Trial s&rsquo;engage \u00e0 atteindre les param\u00e8tres pour devenir une Benefit Corp.<\/p>\n<p style=\"text-align: left;\"><a href=\"https:\/\/trialitaly.eu\/wp-content\/uploads\/2021\/12\/Identita-Verde-TRIAL-srl-02.2020.pdf\" target=\"_blank\" rel=\"noopener\"><strong>T\u00e9l\u00e9chargez la version PDF de notre CSR<\/strong><\/a><\/p>\n<p>[\/vc_column_text][\/vc_column][vc_column width=\u00a0\u00bb1\/2&Prime;][layerslider_vc id=\u00a0\u00bb15&Prime;][\/vc_column][\/vc_row][vc_row css_animation=\u00a0\u00bb\u00a0\u00bb row_type=\u00a0\u00bbrow\u00a0\u00bb use_row_as_full_screen_section=\u00a0\u00bbno\u00a0\u00bb type=\u00a0\u00bbfull_width\u00a0\u00bb angled_section=\u00a0\u00bbno\u00a0\u00bb text_align=\u00a0\u00bbleft\u00a0\u00bb background_image_as_pattern=\u00a0\u00bbwithout_pattern\u00a0\u00bb][vc_column][vc_separator type=\u00a0\u00bbnormal\u00a0\u00bb color=\u00a0\u00bb#e3001b\u00a0\u00bb thickness=\u00a0\u00bb4&Prime;][\/vc_column][\/vc_row][vc_row css_animation=\u00a0\u00bb\u00a0\u00bb row_type=\u00a0\u00bbrow\u00a0\u00bb use_row_as_full_screen_section=\u00a0\u00bbno\u00a0\u00bb type=\u00a0\u00bbfull_width\u00a0\u00bb angled_section=\u00a0\u00bbno\u00a0\u00bb text_align=\u00a0\u00bbleft\u00a0\u00bb background_image_as_pattern=\u00a0\u00bbwithout_pattern\u00a0\u00bb][vc_column width=\u00a0\u00bb1\/2&Prime;][layerslider_vc id=\u00a0\u00bb14&Prime;][\/vc_column][vc_column width=\u00a0\u00bb1\/2&Prime; css=\u00a0\u00bb.vc_custom_1639678661614{padding-top: 6% !important;padding-right: 8% !important;padding-bottom: 2% !important;padding-left: 8% !important;}\u00a0\u00bb]<div class=\"custom_font_holder \" style=\"font-family: Raleway; font-style: normal; font-weight: 600; color: #e3001b; text-decoration: none; text-align: left; --qode-cf-font-size: 28px; --qode-cf-line-height: 28px; --qode-cf-font-size-1440: 28px; --qode-cf-line-height-1440: 28px; --qode-cf-font-size-1366: 28px; --qode-cf-line-height-1366: 28px; --qode-cf-font-size-1280: 28px; --qode-cf-line-height-1280: 28px; --qode-cf-font-size-1024: 28px; --qode-cf-line-height-1024: 28px; --qode-cf-font-size-768: 28px; --qode-cf-line-height-768: 28px; --qode-cf-font-size-680: 28px; --qode-cf-line-height-680: 28px; --qode-cf-font-size-480: 28px; --qode-cf-line-height-480: 28px;\">Responsabilit\u00e9 sociale<\/div>[vc_separator type=\u00a0\u00bbsmall\u00a0\u00bb position=\u00a0\u00bbleft\u00a0\u00bb color=\u00a0\u00bb#e3001b\u00a0\u00bb][vc_column_text]Chaque ann\u00e9e, nous consacrons environ 7 % (variable) de notre revenu net annuel au soutien d&rsquo;organisations caritatives \u00e0 but non lucratif, afin de promouvoir la conservation, la durabilit\u00e9 environnementale et l&rsquo;int\u00e9gration des personnes handicap\u00e9es.<\/p>\n<p><strong><u>PROJETS D&rsquo;AIDE AU TRAVAIL POUR LES JEUNES<\/u><\/strong><\/p>\n<ul>\n<li>\u00ab Alternanza Scuola &#8211; Lavoro \u00bb avec ITIS, Forl\u00ec<\/li>\n<li>\u00ab Projets d&rsquo;entreprise avec participation des \u00e9tudiants \u00bb avec UNIBO &#8211; Universit\u00e9 de Bologne, Bologne<\/li>\n<\/ul>\n<p>&nbsp;<\/p>\n<p><strong><u>PROJETS DE SOUTIEN<\/u><\/strong><\/p>\n<ul>\n<li>Don lib\u00e9ral pour soutenir la recherche, IRST Meldola (FC)<\/li>\n<li>Emploi pour soutenir les coop\u00e9ratives sociales locales, telles que CAVAREI \u2013 Forl\u00ec<\/li>\n<\/ul>\n<p>[\/vc_column_text][\/vc_column][\/vc_row][vc_row css_animation=\u00a0\u00bb\u00a0\u00bb row_type=\u00a0\u00bbrow\u00a0\u00bb use_row_as_full_screen_section=\u00a0\u00bbno\u00a0\u00bb type=\u00a0\u00bbfull_width\u00a0\u00bb angled_section=\u00a0\u00bbno\u00a0\u00bb text_align=\u00a0\u00bbleft\u00a0\u00bb background_image_as_pattern=\u00a0\u00bbwithout_pattern\u00a0\u00bb][vc_column width=\u00a0\u00bb1\/2&Prime; css=\u00a0\u00bb.vc_custom_1639678668972{padding-top: 6% !important;padding-right: 8% !important;padding-bottom: 2% !important;padding-left: 8% !important;}\u00a0\u00bb][vc_column_text]<strong><u>QUELQUES PROJETS DE SOUTIEN DANS LE DOMAINE DU SPORT ET DU TROISI\u00c8ME \u00c2GE<\/u><\/strong><\/p>\n<ul>\n<li>\u00ab L&rsquo;utilisation des \u00e9quipements pour les enfants handicap\u00e9s \u00bb avec le club ASD Ariosto Pallamano, Ferrara<\/li>\n<li>\u00ab Activit\u00e9s sportives pour les parapl\u00e9giques \u00bb avec le Basket club, Forl\u00ec<\/li>\n<li>\u00ab Stimulation des capacit\u00e9s r\u00e9siduelles du troisi\u00e8me \u00e2ge \u00bb avec la Casa di riposo Zangheri, Forl\u00ec<\/li>\n<li>\u00ab Mat\u00e9riel pour jeux pour aveugles (balles sonores, balles color\u00e9es) avec le Comitato Italiano Paralimpico (CIP) et le Comitato Olimpico Nazionale Italiano Federazione Italiana Cechi.<\/li>\n<li>\u00ab Int\u00e9gration &#8211; Socialit\u00e9 pour le troisi\u00e8me \u00e2ge \u00bb avec Societ\u00e0 Azzurra ASD, Ferrara<\/li>\n<li>\u00ab Progetto Gattonando Gattonando \u00bb &#8211; projet de d\u00e9veloppement de la culture du produit avec l&rsquo;ISIA, Faenza<\/li>\n<li>\u00ab Pallamano@scuola \u00bb et \u201cScuole aperte allo sport\u201d &#8211; promotion du handball dans les \u00e9coles en collaboration avec la F.I.G.H. &#8211; Federazione Italiana Giuoco Handball<\/li>\n<li>Projet \u00ab Schools \u00bb &#8211; entra\u00eenement de la force chez les jeunes en collaboration avec la FIPE &#8211; F\u00e9d\u00e9ration italienne d&rsquo;halt\u00e9rophilie<\/li>\n<li>Projet \u00ab MARATHON DES ARBRES &#8211; De l&rsquo;air pur dans la ville \u00bb &#8211; promotion d&rsquo;un mode de vie durable et respectueux de l&rsquo;environnement chez les enfants, en collaboration avec l&rsquo;\u00e9cole primaire \u00ab D. Raggi \u00bb, Roncadello (FC)<\/li>\n<\/ul>\n<p>[\/vc_column_text][\/vc_column][vc_column width=\u00a0\u00bb1\/2&Prime; css=\u00a0\u00bb.vc_custom_1639678771253{padding-top: 6% !important;}\u00a0\u00bb][layerslider_vc id=\u00a0\u00bb17&Prime;][\/vc_column][\/vc_row][vc_row css_animation=\u00a0\u00bb\u00a0\u00bb row_type=\u00a0\u00bbrow\u00a0\u00bb use_row_as_full_screen_section=\u00a0\u00bbno\u00a0\u00bb type=\u00a0\u00bbfull_width\u00a0\u00bb angled_section=\u00a0\u00bbno\u00a0\u00bb text_align=\u00a0\u00bbleft\u00a0\u00bb background_image_as_pattern=\u00a0\u00bbwithout_pattern\u00a0\u00bb][vc_column][vc_separator type=\u00a0\u00bbnormal\u00a0\u00bb color=\u00a0\u00bb#e3001b\u00a0\u00bb thickness=\u00a0\u00bb4&Prime;][\/vc_column][\/vc_row][vc_row css_animation=\u00a0\u00bb\u00a0\u00bb row_type=\u00a0\u00bbrow\u00a0\u00bb use_row_as_full_screen_section=\u00a0\u00bbno\u00a0\u00bb type=\u00a0\u00bbfull_width\u00a0\u00bb angled_section=\u00a0\u00bbno\u00a0\u00bb text_align=\u00a0\u00bbleft\u00a0\u00bb background_image_as_pattern=\u00a0\u00bbwithout_pattern\u00a0\u00bb][vc_column width=\u00a0\u00bb1\/2&Prime;][layerslider_vc id=\u00a0\u00bb16&Prime;][\/vc_column][vc_column width=\u00a0\u00bb1\/2&Prime; css=\u00a0\u00bb.vc_custom_1639678683670{padding-top: 6% !important;padding-right: 8% !important;padding-left: 8% !important;}\u00a0\u00bb]<div class=\"custom_font_holder \" style=\"font-family: Raleway; font-style: normal; font-weight: 600; color: #e3001b; text-decoration: none; text-align: left; --qode-cf-font-size: 28px; --qode-cf-line-height: 28px; --qode-cf-font-size-1440: 28px; --qode-cf-line-height-1440: 28px; --qode-cf-font-size-1366: 28px; --qode-cf-line-height-1366: 28px; --qode-cf-font-size-1280: 28px; --qode-cf-line-height-1280: 28px; --qode-cf-font-size-1024: 28px; --qode-cf-line-height-1024: 28px; --qode-cf-font-size-768: 28px; --qode-cf-line-height-768: 28px; --qode-cf-font-size-680: 28px; --qode-cf-line-height-680: 28px; --qode-cf-font-size-480: 28px; --qode-cf-line-height-480: 28px;\">La S\u00e9curit\u00e9<\/div>[vc_separator type=\u00a0\u00bbsmall\u00a0\u00bb position=\u00a0\u00bbleft\u00a0\u00bb color=\u00a0\u00bb#e3001b\u00a0\u00bb][vc_column_text]Depuis sa cr\u00e9ation, Trial, dans ses activit\u00e9s de conception, de production et de vente, consid\u00e8re que les principes de protection des travailleurs et de l&rsquo;environnement sont absolument essentiels. L&rsquo;entreprise d\u00e9veloppe, fabrique et distribue des produits qui ont un impact sur l&rsquo;environnement, aussi bien pendant la fabrication que pendant la dur\u00e9e de vie du produit, qui garantit la sant\u00e9 de l&rsquo;utilisateur, l&rsquo;environnement et la s\u00e9curit\u00e9 des travailleurs.<\/p>\n<p>Trial a mis en place une police d&rsquo;assurance AXA COVID-19 : #noicisiamo, pour chaque travailleur et les membres de sa famille.[\/vc_column_text][\/vc_column][\/vc_row]<\/p>\n<\/div>","protected":false},"excerpt":{"rendered":"<p>[vc_row css_animation=\u00a0\u00bb\u00a0\u00bb row_type=\u00a0\u00bbrow\u00a0\u00bb use_row_as_full_screen_section=\u00a0\u00bbno\u00a0\u00bb type=\u00a0\u00bbfull_width\u00a0\u00bb angled_section=\u00a0\u00bbno\u00a0\u00bb text_align=\u00a0\u00bbleft\u00a0\u00bb background_image_as_pattern=\u00a0\u00bbwithout_pattern\u00a0\u00bb z_index=\u00a0\u00bb\u00a0\u00bb][vc_column][vc_single_image image=\u00a0\u00bb930&Prime; img_size=\u00a0\u00bbfull\u00a0\u00bb alignment=\u00a0\u00bbcenter\u00a0\u00bb qode_css_animation=\u00a0\u00bb\u00a0\u00bb][vc_separator type=\u00a0\u00bbnormal\u00a0\u00bb color=\u00a0\u00bb#e3001b\u00a0\u00bb thickness=\u00a0\u00bb4&Prime;][\/vc_column][\/vc_row][vc_row css_animation=\u00a0\u00bb\u00a0\u00bb row_type=\u00a0\u00bbrow\u00a0\u00bb use_row_as_full_screen_section=\u00a0\u00bbno\u00a0\u00bb type=\u00a0\u00bbfull_width\u00a0\u00bb angled_section=\u00a0\u00bbno\u00a0\u00bb text_align=\u00a0\u00bbleft\u00a0\u00bb background_image_as_pattern=\u00a0\u00bbwithout_pattern\u00a0\u00bb][vc_column width=\u00a0\u00bb1\/2&Prime; css=\u00a0\u00bb.vc_custom_1639678652736{padding-top: 6% !important;padding-right: 8% !important;padding-left: 8% !important;}\u00a0\u00bb][vc_separator type=\u00a0\u00bbsmall\u00a0\u00bb position=\u00a0\u00bbleft\u00a0\u00bb color=\u00a0\u00bb#e3001b\u00a0\u00bb][vc_column_text] La responsabilit\u00e9 sociale des entreprises (CSR) exprime l&rsquo;engagement de l&rsquo;entreprise \u00e0&#8230;<\/p>\n","protected":false},"author":1,"featured_media":0,"parent":0,"menu_order":0,"comment_status":"closed","ping_status":"closed","template":"full_width.php","meta":{"footnotes":""},"class_list":["post-1518","page","type-page","status-publish","hentry"],"_links":{"self":[{"href":"https:\/\/trialitaly.eu\/fr\/wp-json\/wp\/v2\/pages\/1518","targetHints":{"allow":["GET"]}}],"collection":[{"href":"https:\/\/trialitaly.eu\/fr\/wp-json\/wp\/v2\/pages"}],"about":[{"href":"https:\/\/trialitaly.eu\/fr\/wp-json\/wp\/v2\/types\/page"}],"author":[{"embeddable":true,"href":"https:\/\/trialitaly.eu\/fr\/wp-json\/wp\/v2\/users\/1"}],"replies":[{"embeddable":true,"href":"https:\/\/trialitaly.eu\/fr\/wp-json\/wp\/v2\/comments?post=1518"}],"version-history":[{"count":3,"href":"https:\/\/trialitaly.eu\/fr\/wp-json\/wp\/v2\/pages\/1518\/revisions"}],"predecessor-version":[{"id":1587,"href":"https:\/\/trialitaly.eu\/fr\/wp-json\/wp\/v2\/pages\/1518\/revisions\/1587"}],"wp:attachment":[{"href":"https:\/\/trialitaly.eu\/fr\/wp-json\/wp\/v2\/media?parent=1518"}],"curies":[{"name":"wp","href":"https:\/\/api.w.org\/{rel}","templated":true}]}}